{"id":3009,"date":"2024-10-08T06:48:34","date_gmt":"2024-10-08T12:48:34","guid":{"rendered":"https:\/\/coffeetourlafortuna.com\/?page_id=3009"},"modified":"2024-10-08T06:50:38","modified_gmt":"2024-10-08T12:50:38","slug":"reserva-tour-de-cafe-la-fortuna-costa-rica","status":"publish","type":"page","link":"https:\/\/coffeetourlafortuna.com\/es\/reserva-tour-de-cafe-la-fortuna-costa-rica\/","title":{"rendered":"Reserva tour de caf\u00e9 La Fortuna Costa Rica"},"content":{"rendered":"<section class=\"wpb-content-wrapper\"><p>[vc_row bg_color=&#8221;#f4ebe3&#8243; top_padding=&#8221;90&#8243; bottom_padding=&#8221;10&#8243;][vc_column el_class=&#8221;marg-btn-0&#8243; animation=&#8221;fade-in-from-left&#8221; width=&#8221;1\/1&#8243;][vc_column_text]<span><span><a href=\"https:\/\/coffeetourlafortuna.com\/es\/\">Home<\/a><\/span><\/span>[\/vc_column_text][\/vc_column][\/vc_row][vc_row bg_color=&#8221;#f4ebe3&#8243; top_padding=&#8221;10&#8243; bottom_padding=&#8221;210&#8243; class=&#8221;hero&#8221;][vc_column width=&#8221;7\/12&#8243;]<h1 class=\"headline font-inherit fontsize-xxxl fontweight-700 lh-12 align-left transform-inherit \" style=\"margin: 0 0 20px 0;\">Reserva tour de caf\u00e9 La Fortuna Costa Rica<\/h1><div class=\"headline font-inherit fontsize-s fontweight-400 lh-18 align-left transform-inherit \" style=\"margin: 0 0 20px 0;\">La Fortuna, Costa Rica, es famosa por sus impresionantes volcanes y exuberantes selvas tropicales, pero tambi\u00e9n cuenta con una rica herencia cafetera. Como una de las principales regiones cafetaleras de Costa Rica, La Fortuna ofrece una oportunidad inigualable para explorar el mundo del caf\u00e9. Ya sea que seas un entusiasta del caf\u00e9 o simplemente sientas curiosidad por el proceso detr\u00e1s de tu taza matutina, el Tour de Caf\u00e9 en La Fortuna te brindar\u00e1 una experiencia inolvidable que profundizar\u00e1 tu aprecio por esta bebida tan amada.<\/div>[\/vc_column][vc_column el_class=&#8221;hidden-xs hidden-sm&#8221; width=&#8221;1\/12&#8243;][\/vc_column][vc_column el_class=&#8221;schaduw prijs-column&#8221; bg_color=&#8221;#ffffff&#8221; column_padding=&#8221;padding-4&#8243; width=&#8221;4\/12&#8243;][vc_column_text]<\/p>\n<div class=\"vanaflabel\">Ahorra 20%<\/div>\n<p>[\/vc_column_text]<div class=\"headline font-inherit fontsize-s fontweight-400 lh-inherit align-left transform-inherit \" style=\"margin: -40px 0 5px 0;\"><img decoding=\"async\" style=\"width: 20px; vertical-align: text-top;\" src=\"\/wp-content\/uploads\/2024\/06\/star.png\" \/><span class=\"review-cijfer\">4.8<\/span><span class=\"review-aantal\">(1200+ reviews)<\/span><\/div><h2 class=\"headline font-inherit fontsize-m fontweight-700 lh-12 align-left transform-inherit \" style=\"margin: 0 0 10px 0;\">Tour de Caf\u00e9 La Fortuna<\/h2><div class=\"headline font-inherit fontsize-m fontweight-500 lh-inherit align-left transform-inherit \" style=\"margin: 0 0 8px 0;\"><span class=\"onsale\">$59,50<\/span>$46,50<\/div><div class=\"headline font-inherit fontsize-s fontweight-400 lh-inherit align-left transform-inherit tour-desc\" style=\"margin: 0 0 20px 0; color: #606060;\">\u00danete a nosotros en un tour de caf\u00e9 premium, que ofrece una exploraci\u00f3n fascinante del patrimonio cafetalero de Costa Rica.<\/div><a href=\"https:\/\/coffeetourlafortuna.com\/es\/tour-de-cafe-la-fortuna\/\" target=\"_self\" class=\"button custom full \" style=\"background-color: #3a0f02; border-color: #3a0f02;border-radius: 2px;\">Informaci\u00f3n y entradas<\/a>[\/vc_column][\/vc_row][vc_row bg_image=&#8221;2617&#8243; top_padding=&#8221;220&#8243; bottom_padding=&#8221;220&#8243; class=&#8221;sectie-foto-bg&#8221;][vc_column width=&#8221;1\/1&#8243;][\/vc_column][\/vc_row][vc_row class=&#8221;hidden-xs hidden-sm&#8221;][vc_column width=&#8221;1\/3&#8243;][\/vc_column][vc_column width=&#8221;1\/3&#8243;]<div class=\"iconbox  wpb_content_element iconbox-style-4 icon-color-custom color-dark clearfix\"><div class=\"iconbox-icon\"><i class=\"fa fa-chevron-down boxicon\" style=\"color: #ffffff;\"><\/i><\/div><div class=\"iconbox-content\"><h3><\/h3><p><\/p><\/div><\/div>[\/vc_column][vc_column width=&#8221;1\/3&#8243;][\/vc_column][\/vc_row][vc_row top_padding=&#8221;40&#8243; bottom_padding=&#8221;150&#8243; class=&#8221;sectie-info&#8221; row_id=&#8221;info&#8221;][vc_column el_class=&#8221;info-column&#8221; animation=&#8221;fade-in-from-left&#8221; column_padding=&#8221;custom-padding&#8221; column_custompadding=&#8221;0% 5%&#8221; width=&#8221;7\/12&#8243;][vc_column_text]<\/p>\n<h2><strong>Reserva tour de caf\u00e9 La Fortuna Costa Rica: una actividad imprescindible<\/strong><\/h2>\n<p>Participar en un tour de caf\u00e9 va m\u00e1s all\u00e1 de disfrutar una simple taza de caf\u00e9: se trata de conectar con la cultura local, la historia y el proceso meticuloso que se lleva a cabo en cada grano de caf\u00e9. En el Tour de Caf\u00e9 en La Fortuna, ser\u00e1s testigo de cada etapa de la producci\u00f3n de caf\u00e9, desde la recolecci\u00f3n de las cerezas maduras hasta el tostado de los granos. Guiado por expertos locales, descubrir\u00e1s los m\u00e9todos tradicionales que los agricultores costarricenses han perfeccionado a lo largo de generaciones, as\u00ed como su compromiso con la sostenibilidad.<\/p>\n<h2><strong>Por qu\u00e9 elegirnos: tours aut\u00e9nticos en coffeetourlafortuna.com<\/strong><\/h2>\n<p>En coffeetourlafortuna.com, nos enorgullecemos de ofrecer tours aut\u00e9nticos y de calidad premium a precios imbatibles. Nuestros tours son peque\u00f1os e \u00edntimos, lo que garantiza que recibas atenci\u00f3n personalizada y una comprensi\u00f3n m\u00e1s profunda del proceso de elaboraci\u00f3n del caf\u00e9. Creemos en crear experiencias significativas que van m\u00e1s all\u00e1 de lo com\u00fan, ofreci\u00e9ndote un verdadero sabor de la cultura cafetera de Costa Rica.<\/p>\n<p>Lo que nos distingue es nuestro compromiso con la calidad y la autenticidad. Visitar\u00e1s fincas en pleno funcionamiento y tendr\u00e1s la oportunidad de interactuar con agricultores locales que ponen su pasi\u00f3n en cada taza de caf\u00e9. Adem\u00e1s, nuestros tours destacan pr\u00e1cticas ecol\u00f3gicas, mostrando c\u00f3mo la sostenibilidad est\u00e1 integrada en cada aspecto de la producci\u00f3n de caf\u00e9 en La Fortuna.<\/p>\n<h2><strong>Vive el tour con nosotros<\/strong><\/h2>\n<p>Durante tu visita, saborear\u00e1s caf\u00e9 fresco tostado en la finca, sumergi\u00e9ndote en una experiencia sensorial completa. Disfruta la diferencia que proviene del tostado en peque\u00f1os lotes y descubre las historias detr\u00e1s de los granos. Desde el rico aroma del proceso de tostado hasta el primer sorbo de una taza perfectamente preparada, el Tour de Caf\u00e9 en La Fortuna es un viaje al coraz\u00f3n del caf\u00e9 costarricense.<\/p>\n<h2><strong>Reserva tu tour hoy mismo<\/strong><\/h2>\n<p>\u00bfListo para sumergirte en la cultura cafetera de Costa Rica? Visita <a href=\"https:\/\/coffeetourlafortuna.com\/es\/\">coffeetourlafortuna.com<\/a> y reserva tu tour hoy mismo. Con una reserva en l\u00ednea sencilla y la garant\u00eda de calidad premium, \u00a1est\u00e1s a solo un clic de vivir la magia del caf\u00e9 de La Fortuna!<\/p>\n<p><em>No te lo pierdas: \u00a1reserva tu lugar ahora para una aventura inolvidable!<\/em><\/p>\n<p><a href=\"https:\/\/coffeetourlafortuna.com\/es\/tour-de-cafe-la-fortuna\/\">RESERVA AQU\u00cd.<\/a><\/p>\n<h2><strong>Why book your coffee tour with us?<\/strong><\/h2>\n<ul>\n<li><strong>Authentic Experience<\/strong>: Explore a genuine Costa Rican coffee farm.<\/li>\n<li><strong>Expert Guides<\/strong>: Learn from passionate, knowledgeable local coffee experts.<\/li>\n<li><strong>Comprehensive Tour<\/strong>: Discover every stage of coffee production.<\/li>\n<li><strong>Multilingual Support<\/strong>: Tours available in multiple languages for all guests.<\/li>\n<li><strong>Flexible Booking<\/strong>: Easily book online up to one hour before.<\/li>\n<li><strong>Easy Cancellation<\/strong>: Flexible cancellation policy for stress-free planning.<\/li>\n<li><strong>Sustainable Practices<\/strong>: Support eco-friendly and ethical coffee farming.<\/li>\n<li><strong>Delicious Tastings<\/strong>: Enjoy freshly brewed coffee and unique flavors.<\/li>\n<\/ul>\n<p>[\/vc_column_text][\/vc_column][vc_column el_class=&#8221;hidden-xs hidden-sm&#8221; width=&#8221;1\/12&#8243;][\/vc_column][vc_column width=&#8221;4\/12&#8243;][vc_row_inner][vc_column_inner el_class=&#8221;schaduw column-radius&#8221; css=&#8221;.vc_custom_1573223278018{padding-top: 8% !important;padding-right: 8% !important;padding-bottom: 8% !important;padding-left: 8% !important;}&#8221;][vc_column_text]<\/p>\n<h3 class=\"fontsize-l\" style=\"margin-bottom: 20px; line-height: 1.2; font-weight: bold;\">Por qu\u00e9 elegir nuestro tour?<\/h3>\n<h3 style=\"font-size: 16px; font-weight: 500;\"><i class=\"fa fa-check\" style=\"color: #0e614a; margin-right: 5px;\" aria-hidden=\"true\"><\/i>Tour de caf\u00e9 mejor calificado en La Fortuna<\/h3>\n<h3 style=\"font-size: 16px; font-weight: 500;\"><i class=\"fa fa-check\" style=\"color: #0e614a; margin-right: 5px;\" aria-hidden=\"true\"><\/i>Cancelaci\u00f3n gratuita<\/h3>\n<h3 style=\"font-size: 16px; font-weight: 500;\"><i class=\"fa fa-check\" style=\"color: #0e614a; margin-right: 5px;\" aria-hidden=\"true\"><\/i>Experiencia cultural aut\u00e9ntica<\/h3>\n<h3 style=\"font-size: 16px; font-weight: 500;\"><i class=\"fa fa-check\" style=\"color: #0e614a; margin-right: 5px;\" aria-hidden=\"true\"><\/i>Cata de caf\u00e9 interactiva<\/h3>\n<h3 style=\"font-size: 16px; font-weight: 500;\"><i class=\"fa fa-check\" style=\"color: #0e614a; margin-right: 5px;\" aria-hidden=\"true\"><\/i>Gu\u00edas tur\u00edsticos excepcionales<\/h3>\n<h3 style=\"font-size: 16px; font-weight: 500;\"><i class=\"fa fa-check\" style=\"color: #0e614a; margin-right: 5px;\" aria-hidden=\"true\"><\/i>Pr\u00e1cticas sostenibles<\/h3>\n<h3 style=\"font-size: 16px; font-weight: 500;\"><i class=\"fa fa-check\" style=\"color: #0e614a; margin-right: 5px;\" aria-hidden=\"true\"><\/i> A\u00f1os de experiencia<\/h3>\n<h3 style=\"font-size: 16px; font-weight: 500;\"><i class=\"fa fa-check\" style=\"color: #0e614a; margin-right: 5px;\" aria-hidden=\"true\"><\/i> Soporte multiling\u00fce<\/h3>\n<p><a href=\"https:\/\/coffeetourlafortuna.com\/es\/tour-de-cafe-la-fortuna\/\">Informaci\u00f3n y entradas <i class=\"fa fa-long-arrow-right\" aria-hidden=\"true\"><\/i><\/a>[\/vc_column_text][\/vc_column_inner][\/vc_row_inner]<div class=\"spacer\" style=\"height: 40px;\"><\/div>[vc_row_inner][vc_column_inner el_class=&#8221;schaduw column-radius&#8221; css=&#8221;.vc_custom_1573222899131{padding-top: 6% !important;padding-right: 6% !important;padding-bottom: 6% !important;padding-left: 6% !important;}&#8221;]<div class=\"single_image wpb_content_element align-left    review-badge\" data-animation=\"none\" data-delay=\"0\"><img decoding=\"async\" width=\"591\" height=\"204\" src=\"https:\/\/coffeetourlafortuna.com\/wp-content\/uploads\/2024\/06\/widget-review-card-light.png\" class=\"attachment-full\" alt=\"\" title=\"widget-review-card-light\" srcset=\"https:\/\/coffeetourlafortuna.com\/wp-content\/uploads\/2024\/06\/widget-review-card-light.png 591w, https:\/\/coffeetourlafortuna.com\/wp-content\/uploads\/2024\/06\/widget-review-card-light-300x104.png 300w\" sizes=\"(max-width: 591px) 100vw, 591px\" \/><\/div>[\/vc_column_inner][\/vc_row_inner][\/vc_column][\/vc_row][vc_row bg_image=&#8221;1357&#8243; bg_color=&#8221;#3a0f02&#8243; top_padding=&#8221;70&#8243; bottom_padding=&#8221;70&#8243; class=&#8221;sectie-cta&#8221; row_id=&#8221;cta&#8221;][vc_column el_class=&#8221;marg-btn-0&#8243; width=&#8221;5\/6&#8243;]<h5 class=\"headline font-inherit fontsize-inherit fontweight-700 lh-18 align-left transform-inherit cta-promo-label\" style=\" color: #ffffff;\">Save 20%<\/h5><h3 class=\"headline font-inherit fontsize-xxxxl fontweight-700 lh-14 align-left transform-inherit \" style=\"margin: 0 0 10px 0; color: #ffffff;\">Special Offer<\/h3><h2 class=\"headline font-inherit fontsize-l fontweight-500 lh-14 align-left transform-inherit \" style=\"margin: 0 0 40px 0; color: #ffffff;\">Enjoy a 20% discount on our Coffee Tour in La Fortuna. Book online now to save on this unforgettable experience.<\/h2><a href=\"\/coffee-tour-la-fortuna\/\" target=\"_self\" class=\"button color-2 large \" style=\"border-radius: 3px;\">Info &amp; Tickets<\/a>[\/vc_column][vc_column width=&#8221;1\/6&#8243;][\/vc_column][\/vc_row]<\/p>\n<\/section>","protected":false},"excerpt":{"rendered":"<p>[vc_row bg_color=&#8221;#f4ebe3&#8243; top_padding=&#8221;90&#8243; bottom_padding=&#8221;10&#8243;][vc_column el_class=&#8221;marg-btn-0&#8243; animation=&#8221;fade-in-from-left&#8221; width=&#8221;1\/1&#8243;][vc_column_text][\/vc_column_text][\/vc_column][\/vc_row][vc_row bg_color=&#8221;#f4ebe3&#8243; top_padding=&#8221;10&#8243; bottom_padding=&#8221;210&#8243; class=&#8221;hero&#8221;][vc_column width=&#8221;7\/12&#8243;][\/vc_column][vc_column el_class=&#8221;hidden-xs hidden-sm&#8221; width=&#8221;1\/12&#8243;][\/vc_column][vc_column el_class=&#8221;schaduw prijs-column&#8221; bg_color=&#8221;#ffffff&#8221; column_padding=&#8221;padding-4&#8243; width=&#8221;4\/12&#8243;][vc_column_text] Ahorra 20% [\/vc_column_text][\/vc_column][\/vc_row][vc_row bg_image=&#8221;2617&#8243; top_padding=&#8221;220&#8243; bottom_padding=&#8221;220&#8243; class=&#8221;sectie-foto-bg&#8221;][vc_column width=&#8221;1\/1&#8243;][\/vc_column][\/vc_row][vc_row class=&#8221;hidden-xs hidden-sm&#8221;][vc_column width=&#8221;1\/3&#8243;][\/vc_column][vc_column width=&#8221;1\/3&#8243;][\/vc_column][vc_column width=&#8221;1\/3&#8243;][\/vc_column][\/vc_row][vc_row top_padding=&#8221;40&#8243; bottom_padding=&#8221;150&#8243; class=&#8221;sectie-info&#8221; row_id=&#8221;info&#8221;][vc_column el_class=&#8221;info-column&#8221; animation=&#8221;fade-in-from-left&#8221; column_padding=&#8221;custom-padding&#8221; column_custompadding=&#8221;0% 5%&#8221; width=&#8221;7\/12&#8243;][vc_column_text] Reserva tour de caf\u00e9 La Fortuna Costa Rica: una actividad imprescindible Participar en un tour de caf\u00e9 va m\u00e1s all\u00e1 de disfrutar una simple taza de caf\u00e9: se trata de conectar con la cultura local, la historia y el proceso meticuloso que se lleva a cabo en cada grano de caf\u00e9. En el Tour de Caf\u00e9 en La Fortuna, ser\u00e1s testigo de cada etapa de la producci\u00f3n de caf\u00e9, desde la recolecci\u00f3n de las cerezas maduras hasta el tostado de los granos. Guiado por expertos locales, descubrir\u00e1s los m\u00e9todos tradicionales que los agricultores costarricenses han perfeccionado a lo largo de generaciones, as\u00ed como su compromiso con la sostenibilidad. Por qu\u00e9 elegirnos: tours aut\u00e9nticos en coffeetourlafortuna.com En coffeetourlafortuna.com, nos enorgullecemos de ofrecer tours aut\u00e9nticos y de calidad premium a precios imbatibles. Nuestros tours son peque\u00f1os e \u00edntimos, lo que garantiza que recibas atenci\u00f3n personalizada y una comprensi\u00f3n m\u00e1s profunda del proceso de elaboraci\u00f3n del caf\u00e9. Creemos en crear [&hellip;]<\/p>\n","protected":false},"author":1,"featured_media":0,"parent":0,"menu_order":0,"comment_status":"closed","ping_status":"closed","template":"","meta":{"footnotes":""},"class_list":["post-3009","page","type-page","status-publish","hentry"],"yoast_head":"<!-- This site is optimized with the Yoast SEO Premium plugin v22.3 (Yoast SEO v25.1) - https:\/\/yoast.com\/wordpress\/plugins\/seo\/ -->\n<title>Reserva tour de caf\u00e9 La Fortuna Costa Rica | Aut\u00e9ntico<\/title>\n<meta name=\"description\" content=\"Reserva tour de caf\u00e9 La Fortuna Costa Rica: No te lo pierdas: \u00a1reserva tu lugar ahora para una aventura inolvidable!\" \/>\n<meta name=\"robots\" content=\"index, follow, max-snippet:-1, max-image-preview:large, max-video-preview:-1\" \/>\n<link rel=\"canonical\" href=\"https:\/\/coffeetourlafortuna.com\/es\/reserva-tour-de-cafe-la-fortuna-costa-rica\/\" \/>\n<meta property=\"og:locale\" content=\"es_ES\" \/>\n<meta property=\"og:type\" content=\"article\" \/>\n<meta property=\"og:title\" content=\"Reserva tour de caf\u00e9 La Fortuna Costa Rica\" \/>\n<meta property=\"og:description\" content=\"Reserva tour de caf\u00e9 La Fortuna Costa Rica: No te lo pierdas: \u00a1reserva tu lugar ahora para una aventura inolvidable!\" \/>\n<meta property=\"og:url\" content=\"https:\/\/coffeetourlafortuna.com\/es\/reserva-tour-de-cafe-la-fortuna-costa-rica\/\" \/>\n<meta property=\"og:site_name\" content=\"Coffee &amp; Chocolate Tour La Fortuna\" \/>\n<meta property=\"article:modified_time\" content=\"2024-10-08T12:50:38+00:00\" \/>\n<meta property=\"og:image\" content=\"https:\/\/coffeetourlafortuna.com\/wp-content\/uploads\/2024\/08\/coffee-tour-la-fortuna-4.jpg\" \/>\n\t<meta property=\"og:image:width\" content=\"500\" \/>\n\t<meta property=\"og:image:height\" content=\"500\" \/>\n\t<meta property=\"og:image:type\" content=\"image\/jpeg\" \/>\n<meta name=\"twitter:card\" content=\"summary_large_image\" \/>\n<meta name=\"twitter:label1\" content=\"Tiempo de lectura\" \/>\n\t<meta name=\"twitter:data1\" content=\"5 minutos\" \/>\n<script type=\"application\/ld+json\" class=\"yoast-schema-graph\">{\"@context\":\"https:\/\/schema.org\",\"@graph\":[{\"@type\":\"WebPage\",\"@id\":\"https:\/\/coffeetourlafortuna.com\/es\/reserva-tour-de-cafe-la-fortuna-costa-rica\/\",\"url\":\"https:\/\/coffeetourlafortuna.com\/es\/reserva-tour-de-cafe-la-fortuna-costa-rica\/\",\"name\":\"Reserva tour de caf\u00e9 La Fortuna Costa Rica | Aut\u00e9ntico\",\"isPartOf\":{\"@id\":\"https:\/\/coffeetourlafortuna.com\/#website\"},\"datePublished\":\"2024-10-08T12:48:34+00:00\",\"dateModified\":\"2024-10-08T12:50:38+00:00\",\"description\":\"Reserva tour de caf\u00e9 La Fortuna Costa Rica: No te lo pierdas: \u00a1reserva tu lugar ahora para una aventura inolvidable!\",\"breadcrumb\":{\"@id\":\"https:\/\/coffeetourlafortuna.com\/es\/reserva-tour-de-cafe-la-fortuna-costa-rica\/#breadcrumb\"},\"inLanguage\":\"es\",\"potentialAction\":[{\"@type\":\"ReadAction\",\"target\":[\"https:\/\/coffeetourlafortuna.com\/es\/reserva-tour-de-cafe-la-fortuna-costa-rica\/\"]}]},{\"@type\":\"BreadcrumbList\",\"@id\":\"https:\/\/coffeetourlafortuna.com\/es\/reserva-tour-de-cafe-la-fortuna-costa-rica\/#breadcrumb\",\"itemListElement\":[{\"@type\":\"ListItem\",\"position\":1,\"name\":\"Home\",\"item\":\"https:\/\/coffeetourlafortuna.com\/es\/\"},{\"@type\":\"ListItem\",\"position\":2,\"name\":\"Reserva tour de caf\u00e9 La Fortuna Costa Rica\"}]},{\"@type\":\"WebSite\",\"@id\":\"https:\/\/coffeetourlafortuna.com\/#website\",\"url\":\"https:\/\/coffeetourlafortuna.com\/\",\"name\":\"Coffee & Chocolate Tour La Fortuna\",\"description\":\"Coffee Tour La Fortuna | Coffee Farm La Fortuna, Costa Rica\",\"publisher\":{\"@id\":\"https:\/\/coffeetourlafortuna.com\/#organization\"},\"alternateName\":\"Coffee Tour La Fortuna\",\"potentialAction\":[{\"@type\":\"SearchAction\",\"target\":{\"@type\":\"EntryPoint\",\"urlTemplate\":\"https:\/\/coffeetourlafortuna.com\/?s={search_term_string}\"},\"query-input\":{\"@type\":\"PropertyValueSpecification\",\"valueRequired\":true,\"valueName\":\"search_term_string\"}}],\"inLanguage\":\"es\"},{\"@type\":\"Organization\",\"@id\":\"https:\/\/coffeetourlafortuna.com\/#organization\",\"name\":\"Coffee & Chocolate Tour La fortuna\",\"alternateName\":\"Coffee & Chocolate Tour Arenal\",\"url\":\"https:\/\/coffeetourlafortuna.com\/\",\"logo\":{\"@type\":\"ImageObject\",\"inLanguage\":\"es\",\"@id\":\"https:\/\/coffeetourlafortuna.com\/#\/schema\/logo\/image\/\",\"url\":\"https:\/\/coffeetourlafortuna.com\/wp-content\/uploads\/2024\/07\/logo-coffee-tour-costa-rica-3.png\",\"contentUrl\":\"https:\/\/coffeetourlafortuna.com\/wp-content\/uploads\/2024\/07\/logo-coffee-tour-costa-rica-3.png\",\"width\":316,\"height\":128,\"caption\":\"Coffee & Chocolate Tour La fortuna\"},\"image\":{\"@id\":\"https:\/\/coffeetourlafortuna.com\/#\/schema\/logo\/image\/\"},\"description\":\"Welcome to Coffee & Chocolate Tour La Fortuna, Arenal! Nestled in the heart of Costa Rica\u2019s lush landscapes, our family-owned farm offers an immersive journey into the world of coffee and chocolate. Our Coffee & Chocolate tours are designed to immerse you in the fascinating processes behind coffee and chocolate production. From exploring our vibrant plantations and learning about organic farming practices to hands-on activities like bean grinding and chocolate making, every aspect of our tour is crafted to enrich your understanding and appreciation of these beloved products.\",\"email\":\"info@coffeetourlafortuna.com\"}]}<\/script>\n<!-- \/ Yoast SEO Premium plugin. -->","yoast_head_json":{"title":"Reserva tour de caf\u00e9 La Fortuna Costa Rica | Aut\u00e9ntico","description":"Reserva tour de caf\u00e9 La Fortuna Costa Rica: No te lo pierdas: \u00a1reserva tu lugar ahora para una aventura inolvidable!","robots":{"index":"index","follow":"follow","max-snippet":"max-snippet:-1","max-image-preview":"max-image-preview:large","max-video-preview":"max-video-preview:-1"},"canonical":"https:\/\/coffeetourlafortuna.com\/es\/reserva-tour-de-cafe-la-fortuna-costa-rica\/","og_locale":"es_ES","og_type":"article","og_title":"Reserva tour de caf\u00e9 La Fortuna Costa Rica","og_description":"Reserva tour de caf\u00e9 La Fortuna Costa Rica: No te lo pierdas: \u00a1reserva tu lugar ahora para una aventura inolvidable!","og_url":"https:\/\/coffeetourlafortuna.com\/es\/reserva-tour-de-cafe-la-fortuna-costa-rica\/","og_site_name":"Coffee &amp; Chocolate Tour La Fortuna","article_modified_time":"2024-10-08T12:50:38+00:00","og_image":[{"width":500,"height":500,"url":"https:\/\/coffeetourlafortuna.com\/wp-content\/uploads\/2024\/08\/coffee-tour-la-fortuna-4.jpg","type":"image\/jpeg"}],"twitter_card":"summary_large_image","twitter_misc":{"Tiempo de lectura":"5 minutos"},"schema":{"@context":"https:\/\/schema.org","@graph":[{"@type":"WebPage","@id":"https:\/\/coffeetourlafortuna.com\/es\/reserva-tour-de-cafe-la-fortuna-costa-rica\/","url":"https:\/\/coffeetourlafortuna.com\/es\/reserva-tour-de-cafe-la-fortuna-costa-rica\/","name":"Reserva tour de caf\u00e9 La Fortuna Costa Rica | Aut\u00e9ntico","isPartOf":{"@id":"https:\/\/coffeetourlafortuna.com\/#website"},"datePublished":"2024-10-08T12:48:34+00:00","dateModified":"2024-10-08T12:50:38+00:00","description":"Reserva tour de caf\u00e9 La Fortuna Costa Rica: No te lo pierdas: \u00a1reserva tu lugar ahora para una aventura inolvidable!","breadcrumb":{"@id":"https:\/\/coffeetourlafortuna.com\/es\/reserva-tour-de-cafe-la-fortuna-costa-rica\/#breadcrumb"},"inLanguage":"es","potentialAction":[{"@type":"ReadAction","target":["https:\/\/coffeetourlafortuna.com\/es\/reserva-tour-de-cafe-la-fortuna-costa-rica\/"]}]},{"@type":"BreadcrumbList","@id":"https:\/\/coffeetourlafortuna.com\/es\/reserva-tour-de-cafe-la-fortuna-costa-rica\/#breadcrumb","itemListElement":[{"@type":"ListItem","position":1,"name":"Home","item":"https:\/\/coffeetourlafortuna.com\/es\/"},{"@type":"ListItem","position":2,"name":"Reserva tour de caf\u00e9 La Fortuna Costa Rica"}]},{"@type":"WebSite","@id":"https:\/\/coffeetourlafortuna.com\/#website","url":"https:\/\/coffeetourlafortuna.com\/","name":"Coffee & Chocolate Tour La Fortuna","description":"Coffee Tour La Fortuna | Coffee Farm La Fortuna, Costa Rica","publisher":{"@id":"https:\/\/coffeetourlafortuna.com\/#organization"},"alternateName":"Coffee Tour La Fortuna","potentialAction":[{"@type":"SearchAction","target":{"@type":"EntryPoint","urlTemplate":"https:\/\/coffeetourlafortuna.com\/?s={search_term_string}"},"query-input":{"@type":"PropertyValueSpecification","valueRequired":true,"valueName":"search_term_string"}}],"inLanguage":"es"},{"@type":"Organization","@id":"https:\/\/coffeetourlafortuna.com\/#organization","name":"Coffee & Chocolate Tour La fortuna","alternateName":"Coffee & Chocolate Tour Arenal","url":"https:\/\/coffeetourlafortuna.com\/","logo":{"@type":"ImageObject","inLanguage":"es","@id":"https:\/\/coffeetourlafortuna.com\/#\/schema\/logo\/image\/","url":"https:\/\/coffeetourlafortuna.com\/wp-content\/uploads\/2024\/07\/logo-coffee-tour-costa-rica-3.png","contentUrl":"https:\/\/coffeetourlafortuna.com\/wp-content\/uploads\/2024\/07\/logo-coffee-tour-costa-rica-3.png","width":316,"height":128,"caption":"Coffee & Chocolate Tour La fortuna"},"image":{"@id":"https:\/\/coffeetourlafortuna.com\/#\/schema\/logo\/image\/"},"description":"Welcome to Coffee & Chocolate Tour La Fortuna, Arenal! Nestled in the heart of Costa Rica\u2019s lush landscapes, our family-owned farm offers an immersive journey into the world of coffee and chocolate. Our Coffee & Chocolate tours are designed to immerse you in the fascinating processes behind coffee and chocolate production. From exploring our vibrant plantations and learning about organic farming practices to hands-on activities like bean grinding and chocolate making, every aspect of our tour is crafted to enrich your understanding and appreciation of these beloved products.","email":"info@coffeetourlafortuna.com"}]}},"_links":{"self":[{"href":"https:\/\/coffeetourlafortuna.com\/es\/wp-json\/wp\/v2\/pages\/3009","targetHints":{"allow":["GET"]}}],"collection":[{"href":"https:\/\/coffeetourlafortuna.com\/es\/wp-json\/wp\/v2\/pages"}],"about":[{"href":"https:\/\/coffeetourlafortuna.com\/es\/wp-json\/wp\/v2\/types\/page"}],"author":[{"embeddable":true,"href":"https:\/\/coffeetourlafortuna.com\/es\/wp-json\/wp\/v2\/users\/1"}],"replies":[{"embeddable":true,"href":"https:\/\/coffeetourlafortuna.com\/es\/wp-json\/wp\/v2\/comments?post=3009"}],"version-history":[{"count":3,"href":"https:\/\/coffeetourlafortuna.com\/es\/wp-json\/wp\/v2\/pages\/3009\/revisions"}],"predecessor-version":[{"id":3013,"href":"https:\/\/coffeetourlafortuna.com\/es\/wp-json\/wp\/v2\/pages\/3009\/revisions\/3013"}],"wp:attachment":[{"href":"https:\/\/coffeetourlafortuna.com\/es\/wp-json\/wp\/v2\/media?parent=3009"}],"curies":[{"name":"wp","href":"https:\/\/api.w.org\/{rel}","templated":true}]}}