{"id":2771,"date":"2024-06-06T00:36:36","date_gmt":"2024-06-06T06:36:36","guid":{"rendered":"https:\/\/coffeetoursalento.com\/?page_id=2771"},"modified":"2024-08-02T01:20:09","modified_gmt":"2024-08-02T07:20:09","slug":"acerca-de-nosotros","status":"publish","type":"page","link":"https:\/\/coffeetourlafortuna.com\/es\/acerca-de-nosotros\/","title":{"rendered":"Acerca de Nosotros"},"content":{"rendered":"<section class=\"wpb-content-wrapper\"><p>[vc_row top_padding=&#8221;45&#8243; bottom_padding=&#8221;35&#8243; class=&#8221;hero&#8221;][vc_column el_class=&#8221;stap-1-column&#8221; width=&#8221;1\/6&#8243;][\/vc_column][vc_column width=&#8221;2\/3&#8243;]<h1 class=\"headline font-inherit fontsize-xxxxl fontweight-700 lh-12 align-center transform-inherit \" style=\"margin: 0 0 20px 0;\">\u00a1Emb\u00e1rcate en un Viaje Sabroso en Nuestra Finca de Caf\u00e9 y Chocolate!<\/h1><div class=\"headline font-inherit fontsize-s fontweight-400 lh-18 align-center transform-inherit \" style=\"margin: 0 0 20px 0;\">\u00a1Bienvenido a Coffee &amp; Chocolate Tour La Fortuna! Ubicada en el coraz\u00f3n de los exuberantes paisajes de Costa Rica, nuestra finca familiar ofrece un viaje inmersivo al mundo del caf\u00e9 y el chocolate. Con una pasi\u00f3n por la agricultura sostenible y un compromiso con experiencias aut\u00e9nticas, te invitamos a descubrir los ricos sabores y tradiciones de nuestro querido oficio.<\/div>[\/vc_column][vc_column width=&#8221;1\/6&#8243;][\/vc_column][\/vc_row][vc_row][vc_column width=&#8221;1\/1&#8243;]<div class=\"single_image wpb_content_element align-center    hidden-md hidden-lg\" data-animation=\"none\" data-delay=\"0\"><img decoding=\"async\" width=\"500\" height=\"247\" src=\"https:\/\/coffeetourlafortuna.com\/wp-content\/uploads\/2024\/08\/About-us-coffee-tour-la-fortuna.jpg\" class=\"attachment-full\" alt=\"About our Coffee &amp; chocolate farm in la fortuna, Costa Rica\" title=\"About-us-coffee-tour-la-fortuna\" srcset=\"https:\/\/coffeetourlafortuna.com\/wp-content\/uploads\/2024\/08\/About-us-coffee-tour-la-fortuna.jpg 500w, https:\/\/coffeetourlafortuna.com\/wp-content\/uploads\/2024\/08\/About-us-coffee-tour-la-fortuna-300x148.jpg 300w\" sizes=\"(max-width: 500px) 100vw, 500px\" \/><\/div><div class=\"minti_masonrygrid hidden-xs hidden-sm clearfix\"><div class=\"grid-sizer\"><\/div><div class=\"minti_masonrygrid_item masonry_image masonry_sb\"><div class=\"minti_masonrygrid_item_wrap\"><div class=\"minti_masonrygrid_item_inner\" style=\"background-image: url(https:\/\/coffeetourlafortuna.com\/wp-content\/uploads\/2024\/08\/CT-La-Fortuna-12.jpg);\"><\/div><\/div><\/div><div class=\"minti_masonrygrid_item masonry_image masonry_rl\"><div class=\"minti_masonrygrid_item_wrap\"><div class=\"minti_masonrygrid_item_inner\" style=\"background-image: url(https:\/\/coffeetourlafortuna.com\/wp-content\/uploads\/2024\/08\/coffee-tour-la-fortuna-6.jpg);\"><\/div><\/div><\/div><div class=\"minti_masonrygrid_item masonry_image masonry_ss\"><div class=\"minti_masonrygrid_item_wrap\"><div class=\"minti_masonrygrid_item_inner\" style=\"background-image: url(https:\/\/coffeetourlafortuna.com\/wp-content\/uploads\/2024\/08\/coffee-tour-la-fortuna-1.jpg);\"><\/div><\/div><\/div><div class=\"minti_masonrygrid_item masonry_image masonry_ss\"><div class=\"minti_masonrygrid_item_wrap\"><div class=\"minti_masonrygrid_item_inner\" style=\"background-image: url(https:\/\/coffeetourlafortuna.com\/wp-content\/uploads\/2024\/08\/coffee-tour-la-fortuna-2.jpg);\"><\/div><\/div><\/div><\/div>[\/vc_column][\/vc_row][vc_row bottom_padding=&#8221;60&#8243; class=&#8221;sectie-intro&#8221;][vc_column width=&#8221;2\/12&#8243;][\/vc_column][vc_column width=&#8221;8\/12&#8243;]<div class=\"spacer\" style=\"height: 80px;\"><\/div><h2 class=\"headline font-inherit fontsize-xxxl fontweight-700 lh-12 align-left transform-inherit \" style=\"margin: 0 0 20px 0;\">Nuestra Historia<\/h2><div class=\"headline font-inherit fontsize-s fontweight-400 lh-18 align-left transform-inherit \" style=\"margin: 0 0 20px 0;\">Nuestro viaje comenz\u00f3 con un amor por la tierra y una dedicaci\u00f3n a preservar el arte de la producci\u00f3n de caf\u00e9 y chocolate. Durante generaciones, nuestra familia ha cultivado caf\u00e9 y cacao con esmero, honrando los m\u00e9todos tradicionales mientras abrazamos pr\u00e1cticas innovadoras. Lo que comenz\u00f3 como un peque\u00f1o proyecto personal se ha convertido en una finca pr\u00f3spera donde compartimos nuestra pasi\u00f3n con visitantes de todo el mundo.<\/div><div class=\"spacer\" style=\"height: 35px;\"><\/div><h2 class=\"headline font-inherit fontsize-xxxl fontweight-700 lh-12 align-left transform-inherit \" style=\"margin: 0 0 20px 0;\">Nuestro Equipo<\/h2><div class=\"headline font-inherit fontsize-s fontweight-400 lh-18 align-left transform-inherit \" style=\"margin: 0 0 20px 0;\">Nuestro equipo dedicado est\u00e1 apasionado por compartir su conocimiento y amor por el caf\u00e9 y el chocolate. Cada gu\u00eda es un experto en su campo, comprometido a ofrecer una experiencia informativa y agradable. Con su profundo entendimiento de la historia y las pr\u00e1cticas de nuestra finca, dan vida a las historias y tradiciones de nuestro oficio.<\/div><div class=\"spacer\" style=\"height: 35px;\"><\/div><h2 class=\"headline font-inherit fontsize-xxxl fontweight-700 lh-12 align-left transform-inherit \" style=\"margin: 0 0 20px 0;\">Nuestra Misi\u00f3n<\/h2><div class=\"headline font-inherit fontsize-s fontweight-400 lh-18 align-left transform-inherit \" style=\"margin: 0 0 20px 0;\">En Coffee &amp; Chocolate Tour La Fortuna, nuestra misi\u00f3n es proporcionar una experiencia educativa y envolvente que resalte la belleza y complejidad de la producci\u00f3n de caf\u00e9 y chocolate. Creemos en la importancia de la agricultura sostenible y nos esforzamos por conectar a nuestros hu\u00e9spedes con el rico legado de la agricultura costarricense. Nuestro objetivo es ofrecer un tour que no solo sea agradable, sino tambi\u00e9n informativo e inspirador.<\/div>[\/vc_column][vc_column width=&#8221;2\/12&#8243;][\/vc_column][\/vc_row][vc_row bg_color=&#8221;#f4ebe3&#8243; top_padding=&#8221;100&#8243; bottom_padding=&#8221;100&#8243; class=&#8221;sectie-waarom&#8221;][vc_column width=&#8221;1\/1&#8243;][vc_row_inner][vc_column_inner width=&#8221;1\/6&#8243;][\/vc_column_inner][vc_column_inner width=&#8221;2\/3&#8243;]<h2 class=\"headline font-inherit fontsize-xxxxl fontweight-700 lh-12 align-center transform-inherit \" style=\"margin: 0 0 20px 0;\">Nuestros Principios Rectores<\/h2><div class=\"headline font-inherit fontsize-s fontweight-400 lh-18 align-center transform-inherit \" style=\"margin: 0 0 20px 0;\">En Coffee &amp; Chocolate Tour La Fortuna, nuestros principios fundamentales gu\u00edan nuestro compromiso con la excelencia y la autenticidad.<\/div>[\/vc_column_inner][vc_column_inner width=&#8221;1\/6&#8243;][\/vc_column_inner][\/vc_row_inner]<div class=\"spacer\" style=\"height: 40px;\"><\/div>[vc_row_inner][vc_column_inner el_class=&#8221;werkwijze&#8221; width=&#8221;1\/2&#8243;]<div class=\"imagebox wpb_content_element style-2\"><div class=\"imagebox-img\"><img decoding=\"async\" src=\"https:\/\/coffeetourlafortuna.com\/wp-content\/uploads\/2024\/06\/tasting-1.jpg\" alt=\"Coffee tasting, Coffee &amp; Chocolate Tour La Fortuna, Costa Rica\" \/><\/div>\n<h3>Experiencia Inmersiva de la Finca a la Taza<\/h3>\n<p>Descubre el viaje del caf\u00e9 y el chocolate desde el grano hasta la barra. Nuestro tour ofrece una visi\u00f3n detallada de las t\u00e9cnicas de cultivo, cosecha y procesamiento utilizadas por los agricultores locales.<\/div>[\/vc_column_inner][vc_column_inner el_class=&#8221;werkwijze&#8221; width=&#8221;1\/2&#8243;]<div class=\"imagebox wpb_content_element style-2\"><div class=\"imagebox-img\"><img decoding=\"async\" src=\"https:\/\/coffeetourlafortuna.com\/wp-content\/uploads\/2024\/06\/tasting-2.jpg\" alt=\"\" \/><\/div>\n<h3>Guiado por Expertos Locales<\/h3>\n<p>Aprende de los mejores! Nuestros gu\u00edas conocedores son expertos locales con una pasi\u00f3n por el caf\u00e9 y el chocolate, haciendo que tu tour sea tanto educativo como entretenido.<\/div>[\/vc_column_inner][\/vc_row_inner][vc_row_inner][vc_column_inner el_class=&#8221;werkwijze&#8221; width=&#8221;1\/2&#8243;]<div class=\"imagebox wpb_content_element style-2\"><div class=\"imagebox-img\"><img decoding=\"async\" src=\"https:\/\/coffeetourlafortuna.com\/wp-content\/uploads\/2024\/06\/tasting-3.jpg\" alt=\"\" \/><\/div>\n<h3>Belleza Esc\u00e9nica y Encuentro con la Vida Silvestre<\/h3>\n<p>Explora los impresionantes paisajes de La Fortuna mientras recorres nuestras exuberantes plantaciones. Disfruta de vistas espectaculares, flora vibrante y la oportunidad de avistar fauna ex\u00f3tica.<\/div>[\/vc_column_inner][vc_column_inner el_class=&#8221;werkwijze&#8221; width=&#8221;1\/2&#8243;]<div class=\"imagebox wpb_content_element style-2\"><div class=\"imagebox-img\"><img decoding=\"async\" src=\"https:\/\/coffeetourlafortuna.com\/wp-content\/uploads\/2024\/06\/tasting-1.jpg\" alt=\"Coffee tasting, Coffee &amp; Chocolate Tour La Fortuna, Costa Rica\" \/><\/div>\n<h3>Pr\u00e1cticas Sostenibles<\/h3>\n<p>Estamos dedicados a pr\u00e1cticas sostenibles y ecol\u00f3gicas en nuestra producci\u00f3n de caf\u00e9. Nuestros tours destacan estos m\u00e9todos, mostrando c\u00f3mo cultivamos y procesamos el caf\u00e9 mientras preservamos la belleza natural de La Fortuna.<\/div>[\/vc_column_inner][\/vc_row_inner][\/vc_column][\/vc_row][vc_row top_padding=&#8221;100&#8243; bottom_padding=&#8221;100&#8243;][vc_column width=&#8221;2\/12&#8243;][\/vc_column][vc_column width=&#8221;8\/12&#8243;]<h2 class=\"headline font-inherit fontsize-xxxl fontweight-700 lh-12 align-left transform-inherit \" style=\"margin: 0 0 20px 0;\">\u00bfPor qu\u00e9 elegirnos?<\/h2><div class=\"headline font-inherit fontsize-s fontweight-400 lh-18 align-left transform-inherit \" style=\"margin: 0 0 20px 0;\">Nuestros tours est\u00e1n dise\u00f1ados para sumergirte en los fascinantes procesos detr\u00e1s de la producci\u00f3n de caf\u00e9 y chocolate. Desde explorar nuestras vibrantes plantaciones y aprender sobre pr\u00e1cticas agr\u00edcolas org\u00e1nicas hasta participar en actividades pr\u00e1cticas como moler granos y hacer chocolate, cada aspecto de nuestro tour est\u00e1 elaborado para enriquecer tu comprensi\u00f3n y apreciaci\u00f3n de estos productos tan queridos.<\/div><div class=\"spacer\" style=\"height: 35px;\"><\/div><h2 class=\"headline font-inherit fontsize-xxxl fontweight-700 lh-12 align-left transform-inherit \" style=\"margin: 0 0 20px 0;\">\u00a1\u00danete a nosotros hoy mismo!<\/h2><div class=\"headline font-inherit fontsize-s fontweight-400 lh-18 align-left transform-inherit \" style=\"margin: 0 0 20px 0;\">Te invitamos a visitarnos y experimentar la magia de Coffee &#038; Chocolate Tour La Fortuna. Ya seas un aficionado al caf\u00e9, un amante del chocolate o simplemente tengas curiosidad por la agricultura sostenible, nuestra finca ofrece algo para todos. Esperamos darte la bienvenida y compartir los ricos sabores y las historias que hacen que nuestra finca sea realmente especial.<\/div>[\/vc_column][vc_column width=&#8221;2\/12&#8243;][\/vc_column][\/vc_row][vc_row bg_image=&#8221;1357&#8243; bg_color=&#8221;#3a0f02&#8243; top_padding=&#8221;70&#8243; bottom_padding=&#8221;50&#8243; class=&#8221;sectie-cta&#8221; row_id=&#8221;cta&#8221;][vc_column el_class=&#8221;stap-1-column&#8221; width=&#8221;5\/6&#8243;]<h5 class=\"headline font-inherit fontsize-inherit fontweight-700 lh-18 align-left transform-inherit cta-promo-label\" style=\" color: #ffffff;\">Ahorra un 20%<\/h5><h3 class=\"headline font-inherit fontsize-xxxxl fontweight-700 lh-14 align-left transform-inherit \" style=\"margin: 0 0 10px 0; color: #ffffff;\">Oferta especial<\/h3><h2 class=\"headline font-inherit fontsize-l fontweight-500 lh-14 align-left transform-inherit \" style=\"margin: 0 0 40px 0; color: #ffffff;\">Disfruta de un 20% de descuento en nuestro tour de caf\u00e9 en La Fortuna. Reserva en l\u00ednea ahora para ahorrar en esta experiencia inolvidable.<\/h2><a href=\"\/es\/tour-de-cafe-la-fortuna?lang=Espa\u00f1ol\" target=\"_self\" class=\"button color-7 large \" style=\"border-radius: 3px;\">Info y boletos<\/a>[\/vc_column][vc_column width=&#8221;1\/6&#8243;][\/vc_column][\/vc_row][vc_row][vc_column width=&#8221;1\/1&#8243;]<div class=\"spacer\" style=\"height: 80px;\"><\/div>[\/vc_column][\/vc_row]<\/p>\n<\/section>","protected":false},"excerpt":{"rendered":"<p>[vc_row top_padding=&#8221;45&#8243; bottom_padding=&#8221;35&#8243; class=&#8221;hero&#8221;][vc_column el_class=&#8221;stap-1-column&#8221; width=&#8221;1\/6&#8243;][\/vc_column][vc_column width=&#8221;2\/3&#8243;][\/vc_column][vc_column width=&#8221;1\/6&#8243;][\/vc_column][\/vc_row][vc_row][vc_column width=&#8221;1\/1&#8243;][\/vc_column][\/vc_row][vc_row bottom_padding=&#8221;60&#8243; class=&#8221;sectie-intro&#8221;][vc_column width=&#8221;2\/12&#8243;][\/vc_column][vc_column width=&#8221;8\/12&#8243;][\/vc_column][vc_column width=&#8221;2\/12&#8243;][\/vc_column][\/vc_row][vc_row bg_color=&#8221;#f4ebe3&#8243; top_padding=&#8221;100&#8243; bottom_padding=&#8221;100&#8243; class=&#8221;sectie-waarom&#8221;][vc_column width=&#8221;1\/1&#8243;][vc_row_inner][vc_column_inner width=&#8221;1\/6&#8243;][\/vc_column_inner][vc_column_inner width=&#8221;2\/3&#8243;][\/vc_column_inner][vc_column_inner width=&#8221;1\/6&#8243;][\/vc_column_inner][\/vc_row_inner][vc_row_inner][vc_column_inner el_class=&#8221;werkwijze&#8221; width=&#8221;1\/2&#8243;][\/vc_column_inner][vc_column_inner el_class=&#8221;werkwijze&#8221; width=&#8221;1\/2&#8243;][\/vc_column_inner][\/vc_row_inner][vc_row_inner][vc_column_inner el_class=&#8221;werkwijze&#8221; width=&#8221;1\/2&#8243;][\/vc_column_inner][vc_column_inner el_class=&#8221;werkwijze&#8221; width=&#8221;1\/2&#8243;][\/vc_column_inner][\/vc_row_inner][\/vc_column][\/vc_row][vc_row top_padding=&#8221;100&#8243; bottom_padding=&#8221;100&#8243;][vc_column width=&#8221;2\/12&#8243;][\/vc_column][vc_column width=&#8221;8\/12&#8243;][\/vc_column][vc_column width=&#8221;2\/12&#8243;][\/vc_column][\/vc_row][vc_row bg_image=&#8221;1357&#8243; bg_color=&#8221;#3a0f02&#8243; top_padding=&#8221;70&#8243; bottom_padding=&#8221;50&#8243; class=&#8221;sectie-cta&#8221; row_id=&#8221;cta&#8221;][vc_column el_class=&#8221;stap-1-column&#8221; width=&#8221;5\/6&#8243;][\/vc_column][vc_column width=&#8221;1\/6&#8243;][\/vc_column][\/vc_row][vc_row][vc_column width=&#8221;1\/1&#8243;][\/vc_column][\/vc_row]<\/p>\n","protected":false},"author":1,"featured_media":2902,"parent":0,"menu_order":0,"comment_status":"closed","ping_status":"closed","template":"","meta":{"footnotes":""},"class_list":["post-2771","page","type-page","status-publish","has-post-thumbnail","hentry"],"yoast_head":"<!-- This site is optimized with the Yoast SEO Premium plugin v22.3 (Yoast SEO v25.1) - https:\/\/yoast.com\/wordpress\/plugins\/seo\/ -->\n<title>M\u00e1s sobre el Tour de Caf\u00e9 en La Fortuna | Con\u00f3cenos<\/title>\n<meta name=\"description\" content=\"M\u00e1s sobre el Tour de Caf\u00e9 en La Fortuna | Arenal | Costa Rica. Aut\u00e9ntica finca | Mejor valorado por los viajeros.\" \/>\n<meta name=\"robots\" content=\"index, follow, max-snippet:-1, max-image-preview:large, max-video-preview:-1\" \/>\n<link rel=\"canonical\" href=\"https:\/\/coffeetourlafortuna.com\/es\/acerca-de-nosotros\/\" \/>\n<meta property=\"og:locale\" content=\"es_ES\" \/>\n<meta property=\"og:type\" content=\"article\" \/>\n<meta property=\"og:title\" content=\"Acerca de Nosotros\" \/>\n<meta property=\"og:description\" content=\"M\u00e1s sobre el Tour de Caf\u00e9 en La Fortuna | Arenal | Costa Rica. Aut\u00e9ntica finca | Mejor valorado por los viajeros.\" \/>\n<meta property=\"og:url\" content=\"https:\/\/coffeetourlafortuna.com\/es\/acerca-de-nosotros\/\" \/>\n<meta property=\"og:site_name\" content=\"Coffee &amp; Chocolate Tour La Fortuna\" \/>\n<meta property=\"article:modified_time\" content=\"2024-08-02T07:20:09+00:00\" \/>\n<meta property=\"og:image\" content=\"https:\/\/coffeetourlafortuna.com\/wp-content\/uploads\/2024\/08\/coffee-tour-la-fortuna-4.jpg\" \/>\n\t<meta property=\"og:image:width\" content=\"500\" \/>\n\t<meta property=\"og:image:height\" content=\"500\" \/>\n\t<meta property=\"og:image:type\" content=\"image\/jpeg\" \/>\n<meta name=\"twitter:card\" content=\"summary_large_image\" \/>\n<meta name=\"twitter:label1\" content=\"Tiempo de lectura\" \/>\n\t<meta name=\"twitter:data1\" content=\"4 minutos\" \/>\n<script type=\"application\/ld+json\" class=\"yoast-schema-graph\">{\"@context\":\"https:\/\/schema.org\",\"@graph\":[{\"@type\":\"WebPage\",\"@id\":\"https:\/\/coffeetourlafortuna.com\/es\/acerca-de-nosotros\/\",\"url\":\"https:\/\/coffeetourlafortuna.com\/es\/acerca-de-nosotros\/\",\"name\":\"M\u00e1s sobre el Tour de Caf\u00e9 en La Fortuna | Con\u00f3cenos\",\"isPartOf\":{\"@id\":\"https:\/\/coffeetourlafortuna.com\/#website\"},\"primaryImageOfPage\":{\"@id\":\"https:\/\/coffeetourlafortuna.com\/es\/acerca-de-nosotros\/#primaryimage\"},\"image\":{\"@id\":\"https:\/\/coffeetourlafortuna.com\/es\/acerca-de-nosotros\/#primaryimage\"},\"thumbnailUrl\":\"https:\/\/coffeetourlafortuna.com\/wp-content\/uploads\/2024\/08\/coffee-tour-la-fortuna-4.jpg\",\"datePublished\":\"2024-06-06T06:36:36+00:00\",\"dateModified\":\"2024-08-02T07:20:09+00:00\",\"description\":\"M\u00e1s sobre el Tour de Caf\u00e9 en La Fortuna | Arenal | Costa Rica. Aut\u00e9ntica finca | Mejor valorado por los viajeros.\",\"breadcrumb\":{\"@id\":\"https:\/\/coffeetourlafortuna.com\/es\/acerca-de-nosotros\/#breadcrumb\"},\"inLanguage\":\"es\",\"potentialAction\":[{\"@type\":\"ReadAction\",\"target\":[\"https:\/\/coffeetourlafortuna.com\/es\/acerca-de-nosotros\/\"]}]},{\"@type\":\"ImageObject\",\"inLanguage\":\"es\",\"@id\":\"https:\/\/coffeetourlafortuna.com\/es\/acerca-de-nosotros\/#primaryimage\",\"url\":\"https:\/\/coffeetourlafortuna.com\/wp-content\/uploads\/2024\/08\/coffee-tour-la-fortuna-4.jpg\",\"contentUrl\":\"https:\/\/coffeetourlafortuna.com\/wp-content\/uploads\/2024\/08\/coffee-tour-la-fortuna-4.jpg\",\"width\":500,\"height\":500,\"caption\":\"Coffee & Chocolate Tour in La Fortuna, Arenal, Costa Rica, Family tour\"},{\"@type\":\"BreadcrumbList\",\"@id\":\"https:\/\/coffeetourlafortuna.com\/es\/acerca-de-nosotros\/#breadcrumb\",\"itemListElement\":[{\"@type\":\"ListItem\",\"position\":1,\"name\":\"Home\",\"item\":\"https:\/\/coffeetourlafortuna.com\/es\/\"},{\"@type\":\"ListItem\",\"position\":2,\"name\":\"Acerca de Nosotros\"}]},{\"@type\":\"WebSite\",\"@id\":\"https:\/\/coffeetourlafortuna.com\/#website\",\"url\":\"https:\/\/coffeetourlafortuna.com\/\",\"name\":\"Coffee & Chocolate Tour La Fortuna\",\"description\":\"Coffee Tour La Fortuna | Coffee Farm La Fortuna, Costa Rica\",\"publisher\":{\"@id\":\"https:\/\/coffeetourlafortuna.com\/#organization\"},\"alternateName\":\"Coffee Tour La Fortuna\",\"potentialAction\":[{\"@type\":\"SearchAction\",\"target\":{\"@type\":\"EntryPoint\",\"urlTemplate\":\"https:\/\/coffeetourlafortuna.com\/?s={search_term_string}\"},\"query-input\":{\"@type\":\"PropertyValueSpecification\",\"valueRequired\":true,\"valueName\":\"search_term_string\"}}],\"inLanguage\":\"es\"},{\"@type\":\"Organization\",\"@id\":\"https:\/\/coffeetourlafortuna.com\/#organization\",\"name\":\"Coffee & Chocolate Tour La fortuna\",\"alternateName\":\"Coffee & Chocolate Tour Arenal\",\"url\":\"https:\/\/coffeetourlafortuna.com\/\",\"logo\":{\"@type\":\"ImageObject\",\"inLanguage\":\"es\",\"@id\":\"https:\/\/coffeetourlafortuna.com\/#\/schema\/logo\/image\/\",\"url\":\"https:\/\/coffeetourlafortuna.com\/wp-content\/uploads\/2024\/07\/logo-coffee-tour-costa-rica-3.png\",\"contentUrl\":\"https:\/\/coffeetourlafortuna.com\/wp-content\/uploads\/2024\/07\/logo-coffee-tour-costa-rica-3.png\",\"width\":316,\"height\":128,\"caption\":\"Coffee & Chocolate Tour La fortuna\"},\"image\":{\"@id\":\"https:\/\/coffeetourlafortuna.com\/#\/schema\/logo\/image\/\"},\"description\":\"Welcome to Coffee & Chocolate Tour La Fortuna, Arenal! Nestled in the heart of Costa Rica\u2019s lush landscapes, our family-owned farm offers an immersive journey into the world of coffee and chocolate. Our Coffee & Chocolate tours are designed to immerse you in the fascinating processes behind coffee and chocolate production. From exploring our vibrant plantations and learning about organic farming practices to hands-on activities like bean grinding and chocolate making, every aspect of our tour is crafted to enrich your understanding and appreciation of these beloved products.\",\"email\":\"info@coffeetourlafortuna.com\"}]}<\/script>\n<!-- \/ Yoast SEO Premium plugin. -->","yoast_head_json":{"title":"M\u00e1s sobre el Tour de Caf\u00e9 en La Fortuna | Con\u00f3cenos","description":"M\u00e1s sobre el Tour de Caf\u00e9 en La Fortuna | Arenal | Costa Rica. Aut\u00e9ntica finca | Mejor valorado por los viajeros.","robots":{"index":"index","follow":"follow","max-snippet":"max-snippet:-1","max-image-preview":"max-image-preview:large","max-video-preview":"max-video-preview:-1"},"canonical":"https:\/\/coffeetourlafortuna.com\/es\/acerca-de-nosotros\/","og_locale":"es_ES","og_type":"article","og_title":"Acerca de Nosotros","og_description":"M\u00e1s sobre el Tour de Caf\u00e9 en La Fortuna | Arenal | Costa Rica. Aut\u00e9ntica finca | Mejor valorado por los viajeros.","og_url":"https:\/\/coffeetourlafortuna.com\/es\/acerca-de-nosotros\/","og_site_name":"Coffee &amp; Chocolate Tour La Fortuna","article_modified_time":"2024-08-02T07:20:09+00:00","og_image":[{"width":500,"height":500,"url":"https:\/\/coffeetourlafortuna.com\/wp-content\/uploads\/2024\/08\/coffee-tour-la-fortuna-4.jpg","type":"image\/jpeg"}],"twitter_card":"summary_large_image","twitter_misc":{"Tiempo de lectura":"4 minutos"},"schema":{"@context":"https:\/\/schema.org","@graph":[{"@type":"WebPage","@id":"https:\/\/coffeetourlafortuna.com\/es\/acerca-de-nosotros\/","url":"https:\/\/coffeetourlafortuna.com\/es\/acerca-de-nosotros\/","name":"M\u00e1s sobre el Tour de Caf\u00e9 en La Fortuna | Con\u00f3cenos","isPartOf":{"@id":"https:\/\/coffeetourlafortuna.com\/#website"},"primaryImageOfPage":{"@id":"https:\/\/coffeetourlafortuna.com\/es\/acerca-de-nosotros\/#primaryimage"},"image":{"@id":"https:\/\/coffeetourlafortuna.com\/es\/acerca-de-nosotros\/#primaryimage"},"thumbnailUrl":"https:\/\/coffeetourlafortuna.com\/wp-content\/uploads\/2024\/08\/coffee-tour-la-fortuna-4.jpg","datePublished":"2024-06-06T06:36:36+00:00","dateModified":"2024-08-02T07:20:09+00:00","description":"M\u00e1s sobre el Tour de Caf\u00e9 en La Fortuna | Arenal | Costa Rica. Aut\u00e9ntica finca | Mejor valorado por los viajeros.","breadcrumb":{"@id":"https:\/\/coffeetourlafortuna.com\/es\/acerca-de-nosotros\/#breadcrumb"},"inLanguage":"es","potentialAction":[{"@type":"ReadAction","target":["https:\/\/coffeetourlafortuna.com\/es\/acerca-de-nosotros\/"]}]},{"@type":"ImageObject","inLanguage":"es","@id":"https:\/\/coffeetourlafortuna.com\/es\/acerca-de-nosotros\/#primaryimage","url":"https:\/\/coffeetourlafortuna.com\/wp-content\/uploads\/2024\/08\/coffee-tour-la-fortuna-4.jpg","contentUrl":"https:\/\/coffeetourlafortuna.com\/wp-content\/uploads\/2024\/08\/coffee-tour-la-fortuna-4.jpg","width":500,"height":500,"caption":"Coffee & Chocolate Tour in La Fortuna, Arenal, Costa Rica, Family tour"},{"@type":"BreadcrumbList","@id":"https:\/\/coffeetourlafortuna.com\/es\/acerca-de-nosotros\/#breadcrumb","itemListElement":[{"@type":"ListItem","position":1,"name":"Home","item":"https:\/\/coffeetourlafortuna.com\/es\/"},{"@type":"ListItem","position":2,"name":"Acerca de Nosotros"}]},{"@type":"WebSite","@id":"https:\/\/coffeetourlafortuna.com\/#website","url":"https:\/\/coffeetourlafortuna.com\/","name":"Coffee & Chocolate Tour La Fortuna","description":"Coffee Tour La Fortuna | Coffee Farm La Fortuna, Costa Rica","publisher":{"@id":"https:\/\/coffeetourlafortuna.com\/#organization"},"alternateName":"Coffee Tour La Fortuna","potentialAction":[{"@type":"SearchAction","target":{"@type":"EntryPoint","urlTemplate":"https:\/\/coffeetourlafortuna.com\/?s={search_term_string}"},"query-input":{"@type":"PropertyValueSpecification","valueRequired":true,"valueName":"search_term_string"}}],"inLanguage":"es"},{"@type":"Organization","@id":"https:\/\/coffeetourlafortuna.com\/#organization","name":"Coffee & Chocolate Tour La fortuna","alternateName":"Coffee & Chocolate Tour Arenal","url":"https:\/\/coffeetourlafortuna.com\/","logo":{"@type":"ImageObject","inLanguage":"es","@id":"https:\/\/coffeetourlafortuna.com\/#\/schema\/logo\/image\/","url":"https:\/\/coffeetourlafortuna.com\/wp-content\/uploads\/2024\/07\/logo-coffee-tour-costa-rica-3.png","contentUrl":"https:\/\/coffeetourlafortuna.com\/wp-content\/uploads\/2024\/07\/logo-coffee-tour-costa-rica-3.png","width":316,"height":128,"caption":"Coffee & Chocolate Tour La fortuna"},"image":{"@id":"https:\/\/coffeetourlafortuna.com\/#\/schema\/logo\/image\/"},"description":"Welcome to Coffee & Chocolate Tour La Fortuna, Arenal! Nestled in the heart of Costa Rica\u2019s lush landscapes, our family-owned farm offers an immersive journey into the world of coffee and chocolate. Our Coffee & Chocolate tours are designed to immerse you in the fascinating processes behind coffee and chocolate production. From exploring our vibrant plantations and learning about organic farming practices to hands-on activities like bean grinding and chocolate making, every aspect of our tour is crafted to enrich your understanding and appreciation of these beloved products.","email":"info@coffeetourlafortuna.com"}]}},"_links":{"self":[{"href":"https:\/\/coffeetourlafortuna.com\/es\/wp-json\/wp\/v2\/pages\/2771","targetHints":{"allow":["GET"]}}],"collection":[{"href":"https:\/\/coffeetourlafortuna.com\/es\/wp-json\/wp\/v2\/pages"}],"about":[{"href":"https:\/\/coffeetourlafortuna.com\/es\/wp-json\/wp\/v2\/types\/page"}],"author":[{"embeddable":true,"href":"https:\/\/coffeetourlafortuna.com\/es\/wp-json\/wp\/v2\/users\/1"}],"replies":[{"embeddable":true,"href":"https:\/\/coffeetourlafortuna.com\/es\/wp-json\/wp\/v2\/comments?post=2771"}],"version-history":[{"count":10,"href":"https:\/\/coffeetourlafortuna.com\/es\/wp-json\/wp\/v2\/pages\/2771\/revisions"}],"predecessor-version":[{"id":2961,"href":"https:\/\/coffeetourlafortuna.com\/es\/wp-json\/wp\/v2\/pages\/2771\/revisions\/2961"}],"wp:featuredmedia":[{"embeddable":true,"href":"https:\/\/coffeetourlafortuna.com\/es\/wp-json\/wp\/v2\/media\/2902"}],"wp:attachment":[{"href":"https:\/\/coffeetourlafortuna.com\/es\/wp-json\/wp\/v2\/media?parent=2771"}],"curies":[{"name":"wp","href":"https:\/\/api.w.org\/{rel}","templated":true}]}}